{"id":808,"date":"2014-08-22T11:42:34","date_gmt":"2014-08-22T11:42:34","guid":{"rendered":"https:\/\/rathaus-aachen.comlounge.dev\/?page_id=808"},"modified":"2014-10-01T07:17:20","modified_gmt":"2014-10-01T07:17:20","slug":"salle-blanche","status":"publish","type":"page","link":"https:\/\/rathaus-aachen.de\/fr\/tour-3\/salle-blanche\/","title":{"rendered":"Salle blanche"},"content":{"rendered":"<p>\u00c0 partir de 1727, cette salle fut somptueusement am\u00e9nag\u00e9e en petite salle des f\u00eates de l\u2019h\u00f4tel de ville par des stuccateurs italiens. Outre les stucs r\u00e9alis\u00e9s \u00e0 la main, les six portraits de personnalit\u00e9s importantes attirent l\u2019attention. Il s\u2019agit des repr\u00e9sentants des \u00c9tats qui mirent fin \u00e0 la guerre de Succession d\u2019Autriche avec la signature de la \u00ab Paix d\u2019Aix-la-Chapelle \u00bb. Le plus connu d\u2019entre eux est le diplomate britannique John Montagu, troisi\u00e8me comte de Sandwich (1718-1792), surtout c\u00e9l\u00e8bre pour avoir invent\u00e9 le fameux plat de tranches de pain garnies auquel il a donn\u00e9 son nom. Son portrait est accroch\u00e9 au mur sud de la salle, \u00e0 droite.<\/p>\n<p>Jetons maintenant un coup d\u2019\u0153il attentif au somptueux am\u00e9nagement des artistes italiens. Il se peut que vous d\u00e9couvriez un cheval ail\u00e9, dot\u00e9 d\u2019une t\u00eate de ch\u00e8vre, d\u2019une queue d\u2019oiseau et d\u2019une poitrine f\u00e9minine ! L\u2019int\u00e9rieur de quatre m\u00e9daillons nous d\u00e9voile les symboles des vertus antiques du pouvoir : le faisceau du licteur et son joug, le sabre lev\u00e9 vers le ciel entre les colonnes d\u2019Hercule, les dix commandements et la balance, et un lion dot\u00e9 d\u2019un sceptre.<\/p>\n","protected":false},"excerpt":{"rendered":"<p>\u00c0 partir de 1727, cette salle fut somptueusement am\u00e9nag\u00e9e en petite salle des f\u00eates de l\u2019h\u00f4tel de ville par des stuccateurs italiens. Outre les stucs r\u00e9alis\u00e9s \u00e0 la main, les six portraits de personnalit\u00e9s importantes attirent l\u2019attention. Il s\u2019agit des repr\u00e9sentants des \u00c9tats qui mirent fin \u00e0 la guerre de Succession d\u2019Autriche avec la signature [&hellip;]<\/p>\n","protected":false},"author":3,"featured_media":1060,"parent":1108,"menu_order":3,"comment_status":"open","ping_status":"closed","template":"page-gallery-single.php","meta":{"_acf_changed":false,"_lmt_disableupdate":"","_lmt_disable":"","footnotes":""},"class_list":["post-808","page","type-page","status-publish","has-post-thumbnail","hentry"],"acf":[],"_links":{"self":[{"href":"https:\/\/rathaus-aachen.de\/fr\/wp-json\/wp\/v2\/pages\/808","targetHints":{"allow":["GET"]}}],"collection":[{"href":"https:\/\/rathaus-aachen.de\/fr\/wp-json\/wp\/v2\/pages"}],"about":[{"href":"https:\/\/rathaus-aachen.de\/fr\/wp-json\/wp\/v2\/types\/page"}],"author":[{"embeddable":true,"href":"https:\/\/rathaus-aachen.de\/fr\/wp-json\/wp\/v2\/users\/3"}],"replies":[{"embeddable":true,"href":"https:\/\/rathaus-aachen.de\/fr\/wp-json\/wp\/v2\/comments?post=808"}],"version-history":[{"count":3,"href":"https:\/\/rathaus-aachen.de\/fr\/wp-json\/wp\/v2\/pages\/808\/revisions"}],"predecessor-version":[{"id":1405,"href":"https:\/\/rathaus-aachen.de\/fr\/wp-json\/wp\/v2\/pages\/808\/revisions\/1405"}],"up":[{"embeddable":true,"href":"https:\/\/rathaus-aachen.de\/fr\/wp-json\/wp\/v2\/pages\/1108"}],"wp:featuredmedia":[{"embeddable":true,"href":"https:\/\/rathaus-aachen.de\/fr\/wp-json\/wp\/v2\/media\/1060"}],"wp:attachment":[{"href":"https:\/\/rathaus-aachen.de\/fr\/wp-json\/wp\/v2\/media?parent=808"}],"curies":[{"name":"wp","href":"https:\/\/api.w.org\/{rel}","templated":true}]}}