{"id":1838,"date":"2025-04-23T11:12:40","date_gmt":"2025-04-23T09:12:40","guid":{"rendered":"https:\/\/rathaus-aachen.de\/hotel-de-ville\/internationaler-museumstag-im-rathaus-route-charlemagne\/"},"modified":"2025-04-23T11:31:06","modified_gmt":"2025-04-23T09:31:06","slug":"internationaler-museumstag-im-rathaus-route-charlemagne","status":"publish","type":"page","link":"https:\/\/rathaus-aachen.de\/fr\/hotel-de-ville\/internationaler-museumstag-im-rathaus-route-charlemagne\/","title":{"rendered":"Journ\u00e9e internationale des mus\u00e9es \u00e0 l\u2019H\u00f4tel de Ville \u2013 Route Charlemagne"},"content":{"rendered":"<p class=\"\" data-start=\"2068\" data-end=\"2089\"><strong data-start=\"2068\" data-end=\"2089\">Entr\u00e9e gratuite !<\/strong><\/p>\n<p class=\"\" data-start=\"2091\" data-end=\"2807\">Vous n\u2019\u00eates jamais all\u00e9\u00b7e dans un mus\u00e9e mais vous \u00eates curieux\u00b7se ? Ou vous y retournez r\u00e9guli\u00e8rement avec enthousiasme ? \u2013 Voici une nouvelle occasion de d\u00e9couvrir les mus\u00e9es d\u2019Aix-la-Chapelle, avec de nombreuses offres pour petits et grands. Chaque troisi\u00e8me dimanche de mai, nous c\u00e9l\u00e9brons la \u00ab Journ\u00e9e internationale des mus\u00e9es \u00bb. Sous le slogan de cette ann\u00e9e <em data-start=\"2456\" data-end=\"2495\">\u00ab D\u00e9couvrir les mus\u00e9es avec plaisir \u00bb<\/em>, les \u00e9tablissements ouvrent leurs portes avec un programme vari\u00e9 d\u2019expositions passionnantes et de regards privil\u00e9gi\u00e9s sur le monde mus\u00e9al. Tous les mus\u00e9es municipaux d\u2019Aix-la-Chapelle ainsi que l\u2019H\u00f4tel de Ville participent \u00e0 la Journ\u00e9e des mus\u00e9es, qui est aussi une journ\u00e9e portes ouvertes pour toutes et tous.<\/p>\n<p class=\"\" data-start=\"2809\" data-end=\"3054\"><strong data-start=\"2809\" data-end=\"2818\">10h00<\/strong><br data-start=\"2818\" data-end=\"2821\" \/>Visite de la tour Granus<br data-start=\"2845\" data-end=\"2848\" \/>avec le Prof. Dr Harald M\u00fcller et Michael Ferber, Rathausverein<br data-start=\"2911\" data-end=\"2914\" \/>(Point de rendez-vous : H\u00fchnermarkt)<br data-start=\"2950\" data-end=\"2953\" \/>Inscription obligatoire par t\u00e9l\u00e9phone : +49 241 432 4956 aux horaires de bureau, lun\u2013ven 9h00 \u2013 13h00<\/p>\n<p class=\"\" data-start=\"3056\" data-end=\"3202\"><strong data-start=\"3056\" data-end=\"3065\">10h30<\/strong><br data-start=\"3065\" data-end=\"3068\" \/>Visite publique de l\u2019H\u00f4tel de Ville<br data-start=\"3103\" data-end=\"3106\" \/>(Organis\u00e9e par : Aachen Tourist Service (ats), Point de rendez-vous : foyer de l\u2019H\u00f4tel de Ville)<\/p>\n<p class=\"\" data-start=\"3204\" data-end=\"3449\"><strong data-start=\"3204\" data-end=\"3213\">12h00<\/strong><br data-start=\"3213\" data-end=\"3216\" \/>Visite de la tour Granus<br data-start=\"3240\" data-end=\"3243\" \/>avec le Prof. Dr Harald M\u00fcller et Michael Ferber, Rathausverein<br data-start=\"3306\" data-end=\"3309\" \/>(Point de rendez-vous : H\u00fchnermarkt)<br data-start=\"3345\" data-end=\"3348\" \/>Inscription obligatoire par t\u00e9l\u00e9phone : +49 241 432 4956 aux horaires de bureau, lun\u2013ven 9h00 \u2013 13h00<\/p>\n<p class=\"\" data-start=\"3451\" data-end=\"3665\"><strong data-start=\"3451\" data-end=\"3460\">13h00<\/strong><br data-start=\"3460\" data-end=\"3463\" \/>Valeurs politiques et leur repr\u00e9sentation au fil du temps<br data-start=\"3520\" data-end=\"3523\" \/>Br\u00e8ve visite de l\u2019H\u00f4tel de Ville avec Dr Frank Pohle, responsable de la Route Charlemagne<br data-start=\"3612\" data-end=\"3615\" \/>(Point de rendez-vous : foyer de l\u2019H\u00f4tel de Ville)<\/p>\n<p class=\"\" data-start=\"3667\" data-end=\"3845\"><strong data-start=\"3667\" data-end=\"3676\">15h00<\/strong><br data-start=\"3676\" data-end=\"3679\" \/>Visite de l\u2019H\u00f4tel de Ville pour les enfants d\u2019\u00e2ge scolaire primaire<br data-start=\"3746\" data-end=\"3749\" \/>(Organis\u00e9e par : Aachen Tourist Service (ats), Point de rendez-vous : foyer de l\u2019H\u00f4tel de Ville)<\/p>\n<p class=\"\" data-start=\"3847\" data-end=\"4145\"><strong data-start=\"3847\" data-end=\"3864\">10h00 \u2013 16h00<\/strong><br data-start=\"3864\" data-end=\"3867\" \/>Stand de dialogue citoyen* dans le foyer de l\u2019H\u00f4tel de Ville<br data-start=\"3927\" data-end=\"3930\" \/>(Service Ville du futur et Dialogue citoyen*)<br data-start=\"3975\" data-end=\"3978\" \/>Aix-la-Chapelle s\u2019engage avec de nombreux acteurs \u00e0 devenir une commune innovante du dialogue citoyen*, et \u00e0 fa\u00e7onner ensemble l\u2019avenir de la ville avec sa population.<\/p>\n","protected":false},"excerpt":{"rendered":"<p>Entr\u00e9e gratuite ! Vous n\u2019\u00eates jamais all\u00e9\u00b7e dans un mus\u00e9e mais vous \u00eates curieux\u00b7se ? Ou vous y retournez r\u00e9guli\u00e8rement avec enthousiasme ? \u2013 Voici une nouvelle occasion de d\u00e9couvrir les mus\u00e9es d\u2019Aix-la-Chapelle, avec de nombreuses offres pour petits et grands. Chaque troisi\u00e8me dimanche de mai, nous c\u00e9l\u00e9brons la \u00ab Journ\u00e9e internationale des mus\u00e9es \u00bb. [&hellip;]<\/p>\n","protected":false},"author":3,"featured_media":1027,"parent":1092,"menu_order":2,"comment_status":"closed","ping_status":"closed","template":"","meta":{"_acf_changed":false,"_lmt_disableupdate":"no","_lmt_disable":"","footnotes":""},"class_list":["post-1838","page","type-page","status-publish","has-post-thumbnail","hentry"],"acf":[],"_links":{"self":[{"href":"https:\/\/rathaus-aachen.de\/fr\/wp-json\/wp\/v2\/pages\/1838","targetHints":{"allow":["GET"]}}],"collection":[{"href":"https:\/\/rathaus-aachen.de\/fr\/wp-json\/wp\/v2\/pages"}],"about":[{"href":"https:\/\/rathaus-aachen.de\/fr\/wp-json\/wp\/v2\/types\/page"}],"author":[{"embeddable":true,"href":"https:\/\/rathaus-aachen.de\/fr\/wp-json\/wp\/v2\/users\/3"}],"replies":[{"embeddable":true,"href":"https:\/\/rathaus-aachen.de\/fr\/wp-json\/wp\/v2\/comments?post=1838"}],"version-history":[{"count":1,"href":"https:\/\/rathaus-aachen.de\/fr\/wp-json\/wp\/v2\/pages\/1838\/revisions"}],"predecessor-version":[{"id":1842,"href":"https:\/\/rathaus-aachen.de\/fr\/wp-json\/wp\/v2\/pages\/1838\/revisions\/1842"}],"up":[{"embeddable":true,"href":"https:\/\/rathaus-aachen.de\/fr\/wp-json\/wp\/v2\/pages\/1092"}],"wp:featuredmedia":[{"embeddable":true,"href":"https:\/\/rathaus-aachen.de\/fr\/wp-json\/wp\/v2\/media\/1027"}],"wp:attachment":[{"href":"https:\/\/rathaus-aachen.de\/fr\/wp-json\/wp\/v2\/media?parent=1838"}],"curies":[{"name":"wp","href":"https:\/\/api.w.org\/{rel}","templated":true}]}}