{"id":1217,"date":"2014-08-26T13:20:30","date_gmt":"2014-08-26T13:20:30","guid":{"rendered":"https:\/\/rathaus-aachen.comlounge.dev\/?page_id=1217"},"modified":"2014-10-20T13:52:06","modified_gmt":"2014-10-20T13:52:06","slug":"lhotel-de-ville-une-station-de-la-route-charlemagne","status":"publish","type":"page","link":"https:\/\/rathaus-aachen.de\/fr\/hotel-de-ville\/lhotel-de-ville-une-station-de-la-route-charlemagne\/","title":{"rendered":"L\u2019h\u00f4tel de ville \u2013 une station de la Route Charlemagne"},"content":{"rendered":"<p><img loading=\"lazy\" decoding=\"async\" class=\"alignnone size-full wp-image-668\" src=\"http:\/\/rathaus-aachen.de\/wp-content\/uploads\/2013\/08\/routecharlemagne.jpg\" alt=\"routecharlemagne\" width=\"460\" height=\"306\" srcset=\"https:\/\/rathaus-aachen.de\/wp-content\/uploads\/2013\/08\/routecharlemagne.jpg 460w, https:\/\/rathaus-aachen.de\/wp-content\/uploads\/2013\/08\/routecharlemagne-300x199.jpg 300w\" sizes=\"auto, (max-width: 460px) 100vw, 460px\" \/><\/p>\n<p>La Route Charlemagne m\u00e8ne \u00e0 des lieux significatifs du centre d\u2019Aix-la-Chapelle, des lieux o\u00f9 sont racont\u00e9s la grande et la petite histoire \u2013 de la ville comme des \u00e9v\u00e9nements qui, au-del\u00e0 des fronti\u00e8res de la ville, ont marqu\u00e9 la r\u00e9alit\u00e9 europ\u00e9enne et nous guident vers l\u2019avenir. Ces lieux \u2013 l\u2019h\u00f4tel de ville, la cath\u00e9drale, la fontaine d\u2019\u00c9lise et sa vitrine arch\u00e9ologique, la Grashaus, le Mus\u00e9e international du journal et le SuperC \u2013 repr\u00e9sentent chacun un th\u00e8me majeur, tels le \u00ab pouvoir \u00bb, la \u00ab culture du bain \u00bb ou encore les \u00ab sciences \u00bb. Le \u00ab Centre Charlemagne \u2013 Nouveau mus\u00e9e de la ville d\u2019Aix-la-Chapelle \u00bb, situ\u00e9 place du Katschhof entre l\u2019h\u00f4tel de ville et la cath\u00e9drale, est le point d\u2019accueil central de la Route Charlemagne.<\/p>\n<p>La route doit son nom \u00e0 Charlemagne : le palais qu\u2019il fit construire \u00e0 Aix-la-Chapelle vers 800 devint son lieu de r\u00e9sidence privil\u00e9gi\u00e9 \u2013 et le centre politique d\u2019un empire qui s\u2019\u00e9tendait sur l\u2019ensemble du continent europ\u00e9en.<\/p>\n<p>L\u2019h\u00f4tel de ville repr\u00e9sente le th\u00e8me du \u00ab Pouvoir \u00bb.<\/p>\n<p><a href=\"https:\/\/www.route-charlemagne.eu\/\" target=\"_blank\"><b>www.route-charlemagne.eu<\/b><\/a><\/p>\n<p><b>Download:\u00a0<\/b><a href=\"https:\/\/couven.aachen-museen.de\/files\/2013\/07\/couvenmuseumD.pdf\"><b><br \/>\n<\/b><\/a><\/p>\n<p><strong><a href=\"http:\/\/rathaus-aachen.de\/wp-content\/uploads\/2013\/08\/Das-Rathaus_DE_web.pdf\">Das Rathaus_DE_web<\/a><\/strong><\/p>\n<p><strong><a href=\"http:\/\/rathaus-aachen.de\/wp-content\/uploads\/2013\/08\/The-Town-Hall_E_web.pdf\">The Town Hall_E_web<\/a><\/strong><\/p>\n<p><strong><a href=\"http:\/\/rathaus-aachen.de\/wp-content\/uploads\/2013\/08\/Het-Stadhuis_NL_web.pdf\">Het Stadhuis_NL_web<\/a><\/strong><\/p>\n<p><strong><a href=\"http:\/\/rathaus-aachen.de\/wp-content\/uploads\/2013\/08\/LHotel-de-Ville_FR_web.pdf\">L&#8217;Hotel de Ville_FR_web<\/a><\/strong><\/p>\n<p><strong><a href=\"http:\/\/rathaus-aachen.de\/wp-content\/uploads\/2013\/08\/El-Ayuntamiento_ESP_web.pdf\">El Ayuntamiento_ESP_web<\/a><\/strong><\/p>\n<p>&nbsp;<\/p>\n<p>&nbsp;<\/p>\n<p>&nbsp;<\/p>\n","protected":false},"excerpt":{"rendered":"<p>La Route Charlemagne m\u00e8ne \u00e0 des lieux significatifs du centre d\u2019Aix-la-Chapelle, des lieux o\u00f9 sont racont\u00e9s la grande et la petite histoire \u2013 de la ville comme des \u00e9v\u00e9nements qui, au-del\u00e0 des fronti\u00e8res de la ville, ont marqu\u00e9 la r\u00e9alit\u00e9 europ\u00e9enne et nous guident vers l\u2019avenir. Ces lieux \u2013 l\u2019h\u00f4tel de ville, la cath\u00e9drale, la [&hellip;]<\/p>\n","protected":false},"author":3,"featured_media":0,"parent":1092,"menu_order":0,"comment_status":"open","ping_status":"open","template":"","meta":{"_acf_changed":false,"_lmt_disableupdate":"","_lmt_disable":"","footnotes":""},"class_list":["post-1217","page","type-page","status-publish","hentry"],"acf":[],"_links":{"self":[{"href":"https:\/\/rathaus-aachen.de\/fr\/wp-json\/wp\/v2\/pages\/1217","targetHints":{"allow":["GET"]}}],"collection":[{"href":"https:\/\/rathaus-aachen.de\/fr\/wp-json\/wp\/v2\/pages"}],"about":[{"href":"https:\/\/rathaus-aachen.de\/fr\/wp-json\/wp\/v2\/types\/page"}],"author":[{"embeddable":true,"href":"https:\/\/rathaus-aachen.de\/fr\/wp-json\/wp\/v2\/users\/3"}],"replies":[{"embeddable":true,"href":"https:\/\/rathaus-aachen.de\/fr\/wp-json\/wp\/v2\/comments?post=1217"}],"version-history":[{"count":2,"href":"https:\/\/rathaus-aachen.de\/fr\/wp-json\/wp\/v2\/pages\/1217\/revisions"}],"predecessor-version":[{"id":1468,"href":"https:\/\/rathaus-aachen.de\/fr\/wp-json\/wp\/v2\/pages\/1217\/revisions\/1468"}],"up":[{"embeddable":true,"href":"https:\/\/rathaus-aachen.de\/fr\/wp-json\/wp\/v2\/pages\/1092"}],"wp:attachment":[{"href":"https:\/\/rathaus-aachen.de\/fr\/wp-json\/wp\/v2\/media?parent=1217"}],"curies":[{"name":"wp","href":"https:\/\/api.w.org\/{rel}","templated":true}]}}