{"id":1196,"date":"2014-08-26T11:19:42","date_gmt":"2014-08-26T11:19:42","guid":{"rendered":"https:\/\/rathaus-aachen.comlounge.dev\/?page_id=1196"},"modified":"2014-10-15T13:22:39","modified_gmt":"2014-10-15T13:22:39","slug":"le-comite-de-lhotel-de-ville","status":"publish","type":"page","link":"https:\/\/rathaus-aachen.de\/fr\/le-comite-de-lhotel-de-ville\/","title":{"rendered":"Le comit\u00e9 de l\u2019h\u00f4tel de ville"},"content":{"rendered":"<p><img loading=\"lazy\" decoding=\"async\" class=\"alignnone size-full wp-image-710\" src=\"http:\/\/rathaus-aachen.de\/wp-content\/uploads\/2013\/08\/Rathaus_Katschhof_web-Gilbert-Kuhnert-1.jpg\" alt=\"Rathaus_Katschhof_web_\u00a9 Gilbert Kuhnert\" width=\"730\" height=\"487\" srcset=\"https:\/\/rathaus-aachen.de\/wp-content\/uploads\/2013\/08\/Rathaus_Katschhof_web-Gilbert-Kuhnert-1.jpg 730w, https:\/\/rathaus-aachen.de\/wp-content\/uploads\/2013\/08\/Rathaus_Katschhof_web-Gilbert-Kuhnert-1-300x200.jpg 300w, https:\/\/rathaus-aachen.de\/wp-content\/uploads\/2013\/08\/Rathaus_Katschhof_web-Gilbert-Kuhnert-1-728x487.jpg 728w\" sizes=\"auto, (max-width: 730px) 100vw, 730px\" \/><\/p>\n<p>Le comit\u00e9 de l\u2019h\u00f4tel de ville s\u2019engage en faveur de la pr\u00e9servation de l\u2019h\u00f4tel de ville d\u2019Aix-la-Chapelle. Le comit\u00e9 a \u00e9t\u00e9 fond\u00e9 en avril 2002 sous la pr\u00e9sidence de l\u2019ancien maire, Dr. J\u00fcrgen Linden; de nombreuses personnalit\u00e9s le soutiennent. La r\u00e9paration des dommages les plus importants n\u00e9cessite \u00e0 elle seule environ cinq millions d\u2019euros jusqu\u2019en 2020. Les pouvoirs publics ne sont pas en mesure de faire face \u00e0 ces frais. C\u2019est pourquoi l\u2019h\u00f4tel de ville d\u00e9pend du soutien des citoyennes et des citoyens. Aidez-nous vous aussi \u00e0 sauvegarder l\u2019h\u00f4tel de ville d\u2019Aix-la-Chapelle, symbole de notre culture et de notre histoire.<\/p>\n<p><strong>Si vous souhaitez faire un don par virement :<\/strong><br \/>\nSparkasse Aachen<br \/>\nIBAN DE88 3905 0000 0000 0000 67<br \/>\nBIC AACSDE33XXX<\/p>\n<p><strong>Si vous souhaitez devenir membre :<\/strong><br \/>\nRathausverein Aachen e.V.<br \/>\nRathaus<br \/>\n52058 Aix-la-Chapelle<br \/>\nT\u00e9l: +49 241 432-7305<br \/>\nFax +49 241 432-8008<\/p>\n<div><span style=\"font-family: Arial;\"> <strong><a href=\"mailto:rathaus-aachen@mail.aachen.de\" target=\"_blank\">rathaus-aachen@mail.aachen.de<\/a><\/strong><\/span><\/div>\n<div><a href=\"https:\/\/www.rathausverein-aachen.de\" target=\"_blank\"><strong>Rathausverein Aachen e.V.\u00a0<\/strong><\/a><\/div>\n<div><\/div>\n<p>&nbsp;<\/p>\n","protected":false},"excerpt":{"rendered":"<p>Le comit\u00e9 de l\u2019h\u00f4tel de ville s\u2019engage en faveur de la pr\u00e9servation de l\u2019h\u00f4tel de ville d\u2019Aix-la-Chapelle. Le comit\u00e9 a \u00e9t\u00e9 fond\u00e9 en avril 2002 sous la pr\u00e9sidence de l\u2019ancien maire, Dr. J\u00fcrgen Linden; de nombreuses personnalit\u00e9s le soutiennent. La r\u00e9paration des dommages les plus importants n\u00e9cessite \u00e0 elle seule environ cinq millions d\u2019euros jusqu\u2019en [&hellip;]<\/p>\n","protected":false},"author":3,"featured_media":0,"parent":0,"menu_order":0,"comment_status":"open","ping_status":"open","template":"","meta":{"_acf_changed":false,"_lmt_disableupdate":"","_lmt_disable":"","footnotes":""},"class_list":["post-1196","page","type-page","status-publish","hentry"],"acf":[],"_links":{"self":[{"href":"https:\/\/rathaus-aachen.de\/fr\/wp-json\/wp\/v2\/pages\/1196","targetHints":{"allow":["GET"]}}],"collection":[{"href":"https:\/\/rathaus-aachen.de\/fr\/wp-json\/wp\/v2\/pages"}],"about":[{"href":"https:\/\/rathaus-aachen.de\/fr\/wp-json\/wp\/v2\/types\/page"}],"author":[{"embeddable":true,"href":"https:\/\/rathaus-aachen.de\/fr\/wp-json\/wp\/v2\/users\/3"}],"replies":[{"embeddable":true,"href":"https:\/\/rathaus-aachen.de\/fr\/wp-json\/wp\/v2\/comments?post=1196"}],"version-history":[{"count":4,"href":"https:\/\/rathaus-aachen.de\/fr\/wp-json\/wp\/v2\/pages\/1196\/revisions"}],"predecessor-version":[{"id":1450,"href":"https:\/\/rathaus-aachen.de\/fr\/wp-json\/wp\/v2\/pages\/1196\/revisions\/1450"}],"wp:attachment":[{"href":"https:\/\/rathaus-aachen.de\/fr\/wp-json\/wp\/v2\/media?parent=1196"}],"curies":[{"name":"wp","href":"https:\/\/api.w.org\/{rel}","templated":true}]}}