{"id":1184,"date":"2014-08-26T11:01:32","date_gmt":"2014-08-26T11:01:32","guid":{"rendered":"https:\/\/rathaus-aachen.comlounge.dev\/?page_id=1184"},"modified":"2014-08-27T12:14:26","modified_gmt":"2014-08-27T12:14:26","slug":"dos-donts","status":"publish","type":"page","link":"https:\/\/rathaus-aachen.de\/fr\/visite\/dos-donts\/","title":{"rendered":"Do\u2019s &#038; Dont\u2019s"},"content":{"rendered":"<p>Pour rendre la visite de l\u2019h\u00f4tel de ville agr\u00e9able \u00e0 tous :<\/p>\n<p>Nous vous prions de d\u00e9poser sacs et manteaux au vestiaire.<\/p>\n<p>La consommation de nourriture et de boissons n\u2019est pas autoris\u00e9e dans les salles d\u2019exposition.<\/p>\n<p>Comme dans tous les b\u00e2timents publics, il est interdit de fumer dans l\u2019ensemble de l\u2019h\u00f4tel de ville.<\/p>\n<p>Par respect envers les autres visiteurs, veuillez ne pas t\u00e9l\u00e9phoner dans les salles d\u2019exposition.<\/p>\n<p>Les chiens et autres animaux (\u00e0 l\u2019exception des chiens d\u2019aveugles) ne sont pas admis dans les salles d\u2019exposition.<\/p>\n<p>Si vous avez des questions, n\u2019h\u00e9sitez pas \u00e0 vous adresser \u00e0 notre personnel de caisse ou de surveillance. Nous vous souhaitons une agr\u00e9able et instructive visite de l\u2019h\u00f4tel de ville.<\/p>\n","protected":false},"excerpt":{"rendered":"<p>Pour rendre la visite de l\u2019h\u00f4tel de ville agr\u00e9able \u00e0 tous : Nous vous prions de d\u00e9poser sacs et manteaux au vestiaire. La consommation de nourriture et de boissons n\u2019est pas autoris\u00e9e dans les salles d\u2019exposition. Comme dans tous les b\u00e2timents publics, il est interdit de fumer dans l\u2019ensemble de l\u2019h\u00f4tel de ville. Par respect [&hellip;]<\/p>\n","protected":false},"author":3,"featured_media":0,"parent":1166,"menu_order":0,"comment_status":"open","ping_status":"open","template":"","meta":{"_acf_changed":false,"_lmt_disableupdate":"","_lmt_disable":"","footnotes":""},"class_list":["post-1184","page","type-page","status-publish","hentry"],"acf":[],"_links":{"self":[{"href":"https:\/\/rathaus-aachen.de\/fr\/wp-json\/wp\/v2\/pages\/1184","targetHints":{"allow":["GET"]}}],"collection":[{"href":"https:\/\/rathaus-aachen.de\/fr\/wp-json\/wp\/v2\/pages"}],"about":[{"href":"https:\/\/rathaus-aachen.de\/fr\/wp-json\/wp\/v2\/types\/page"}],"author":[{"embeddable":true,"href":"https:\/\/rathaus-aachen.de\/fr\/wp-json\/wp\/v2\/users\/3"}],"replies":[{"embeddable":true,"href":"https:\/\/rathaus-aachen.de\/fr\/wp-json\/wp\/v2\/comments?post=1184"}],"version-history":[{"count":1,"href":"https:\/\/rathaus-aachen.de\/fr\/wp-json\/wp\/v2\/pages\/1184\/revisions"}],"predecessor-version":[{"id":1185,"href":"https:\/\/rathaus-aachen.de\/fr\/wp-json\/wp\/v2\/pages\/1184\/revisions\/1185"}],"up":[{"embeddable":true,"href":"https:\/\/rathaus-aachen.de\/fr\/wp-json\/wp\/v2\/pages\/1166"}],"wp:attachment":[{"href":"https:\/\/rathaus-aachen.de\/fr\/wp-json\/wp\/v2\/media?parent=1184"}],"curies":[{"name":"wp","href":"https:\/\/api.w.org\/{rel}","templated":true}]}}