{"id":1178,"date":"2014-08-26T10:43:19","date_gmt":"2014-08-26T10:43:19","guid":{"rendered":"https:\/\/rathaus-aachen.comlounge.dev\/?page_id=1178"},"modified":"2014-08-26T10:43:48","modified_gmt":"2014-08-26T10:43:48","slug":"accessibilite","status":"publish","type":"page","link":"https:\/\/rathaus-aachen.de\/fr\/visite\/accessibilite\/","title":{"rendered":"Accessibilit\u00e9"},"content":{"rendered":"<p>L\u2019h\u00f4tel de ville est accessible aux personnes \u00e0 mobilit\u00e9 r\u00e9duite. Un interphone se trouve au niveau du portail de la tour Marie, \u00e0 droite de l\u2019escalier. Vous pouvez l\u2019utiliser pour demander acc\u00e8s \u00e0 l\u2019ascenseur. Les sanitaires de l\u2019h\u00f4tel de ville sont \u00e9galement accessibles sans barri\u00e8res.<\/p>\n<p>&nbsp;<\/p>\n","protected":false},"excerpt":{"rendered":"<p>L\u2019h\u00f4tel de ville est accessible aux personnes \u00e0 mobilit\u00e9 r\u00e9duite. Un interphone se trouve au niveau du portail de la tour Marie, \u00e0 droite de l\u2019escalier. Vous pouvez l\u2019utiliser pour demander acc\u00e8s \u00e0 l\u2019ascenseur. Les sanitaires de l\u2019h\u00f4tel de ville sont \u00e9galement accessibles sans barri\u00e8res. &nbsp;<\/p>\n","protected":false},"author":3,"featured_media":0,"parent":1166,"menu_order":0,"comment_status":"closed","ping_status":"closed","template":"page-parent.php","meta":{"_acf_changed":false,"_lmt_disableupdate":"","_lmt_disable":"","footnotes":""},"class_list":["post-1178","page","type-page","status-publish","hentry"],"acf":[],"_links":{"self":[{"href":"https:\/\/rathaus-aachen.de\/fr\/wp-json\/wp\/v2\/pages\/1178","targetHints":{"allow":["GET"]}}],"collection":[{"href":"https:\/\/rathaus-aachen.de\/fr\/wp-json\/wp\/v2\/pages"}],"about":[{"href":"https:\/\/rathaus-aachen.de\/fr\/wp-json\/wp\/v2\/types\/page"}],"author":[{"embeddable":true,"href":"https:\/\/rathaus-aachen.de\/fr\/wp-json\/wp\/v2\/users\/3"}],"replies":[{"embeddable":true,"href":"https:\/\/rathaus-aachen.de\/fr\/wp-json\/wp\/v2\/comments?post=1178"}],"version-history":[{"count":1,"href":"https:\/\/rathaus-aachen.de\/fr\/wp-json\/wp\/v2\/pages\/1178\/revisions"}],"predecessor-version":[{"id":1179,"href":"https:\/\/rathaus-aachen.de\/fr\/wp-json\/wp\/v2\/pages\/1178\/revisions\/1179"}],"up":[{"embeddable":true,"href":"https:\/\/rathaus-aachen.de\/fr\/wp-json\/wp\/v2\/pages\/1166"}],"wp:attachment":[{"href":"https:\/\/rathaus-aachen.de\/fr\/wp-json\/wp\/v2\/media?parent=1178"}],"curies":[{"name":"wp","href":"https:\/\/api.w.org\/{rel}","templated":true}]}}