{"id":1166,"date":"2014-08-26T09:17:48","date_gmt":"2014-08-26T09:17:48","guid":{"rendered":"https:\/\/rathaus-aachen.comlounge.dev\/?page_id=1166"},"modified":"2025-08-25T09:27:08","modified_gmt":"2025-08-25T07:27:08","slug":"visite","status":"publish","type":"page","link":"https:\/\/rathaus-aachen.de\/fr\/visite\/","title":{"rendered":"Visite"},"content":{"rendered":"<p>L\u2019h\u00f4tel de ville historique de la ville d\u2019Aix-la-Chapelle se trouve place du march\u00e9.<\/p>\n<p><!--more--><\/p>\n<p><strong>La zone pi\u00e9tonne constitue un chemin agr\u00e9able et riche en attractions touristiques pour rejoindre l\u2019h\u00f4tel de ville \u00e0 pied.<\/strong><\/p>\n<p><strong><strong>Arr\u00eats de bus \u00e0 proximit\u00e9 <\/strong>:<\/strong><br \/>\nJudengasse (Markt) \/ Ligne 4<br \/>\nElisenbrunnen \/ Presque toutes les lignes<br \/>\nVous pouvez consulter les horaires et trajets dans le <strong><a href=\"https:\/\/www.aseag.de\/Fahrplanauskunft\/index.php?script=inquiry%2Fservice&amp;apikey=avv&amp;path=%2Fhome%2Fconnection&amp;dep_city=&amp;dep_station=&amp;dep_city_gkz=&amp;dep_station_type=&amp;dep_station_id=&amp;arr_city=Aachen&amp;arr_station=Rathaus&amp;arr_city_gkz=5334002%3A0&amp;arr_station_type=poi&amp;arr_station_id=AVVP%3A834\" target=\"_blank\" rel=\"noopener\">planning de l\u2019ASEAG<\/a><a href=\"https:\/\/www.aseag.de\/Fahrplanauskunft\/index.php?script=inquiry%2Fservice&amp;apikey=avv&amp;path=%2Fhome%2Fconnection&amp;dep_city=&amp;dep_station=&amp;dep_city_gkz=&amp;dep_station_type=&amp;dep_station_id=&amp;arr_city=Aachen&amp;arr_station=Rathaus&amp;arr_city_gkz=5334002%3A0&amp;arr_station_type=poi&amp;arr_station_id=AVVP%3A834\" target=\"_blank\" rel=\"noopener\"><strong>.<\/strong><\/a><\/strong><\/p>\n<p><strong>Parkings \u00e0 proximit\u00e9 :<\/strong><br \/>\nParking Am Dom, Jesuitenstra\u00dfe<br \/>\nParking Seilgraben<\/p>\n<p>Un aper\u00e7u g\u00e9n\u00e9ral des possibilit\u00e9s de stationnement en ville est disponible sur <strong><a href=\"https:\/\/www.aachen.de\/in-aachen-leben\/mobilitaet-verkehr\/parken\/\" target=\"_blank\" rel=\"noopener\">www.aachen.de.<\/a><\/strong><\/p>\n","protected":false},"excerpt":{"rendered":"<p>L\u2019h\u00f4tel de ville historique de la ville d\u2019Aix-la-Chapelle se trouve place du march\u00e9.<\/p>\n","protected":false},"author":3,"featured_media":0,"parent":0,"menu_order":4,"comment_status":"closed","ping_status":"closed","template":"page-besuch.php","meta":{"_acf_changed":false,"_lmt_disableupdate":"no","_lmt_disable":"","footnotes":""},"class_list":["post-1166","page","type-page","status-publish","hentry"],"acf":[],"_links":{"self":[{"href":"https:\/\/rathaus-aachen.de\/fr\/wp-json\/wp\/v2\/pages\/1166","targetHints":{"allow":["GET"]}}],"collection":[{"href":"https:\/\/rathaus-aachen.de\/fr\/wp-json\/wp\/v2\/pages"}],"about":[{"href":"https:\/\/rathaus-aachen.de\/fr\/wp-json\/wp\/v2\/types\/page"}],"author":[{"embeddable":true,"href":"https:\/\/rathaus-aachen.de\/fr\/wp-json\/wp\/v2\/users\/3"}],"replies":[{"embeddable":true,"href":"https:\/\/rathaus-aachen.de\/fr\/wp-json\/wp\/v2\/comments?post=1166"}],"version-history":[{"count":2,"href":"https:\/\/rathaus-aachen.de\/fr\/wp-json\/wp\/v2\/pages\/1166\/revisions"}],"predecessor-version":[{"id":1894,"href":"https:\/\/rathaus-aachen.de\/fr\/wp-json\/wp\/v2\/pages\/1166\/revisions\/1894"}],"wp:attachment":[{"href":"https:\/\/rathaus-aachen.de\/fr\/wp-json\/wp\/v2\/media?parent=1166"}],"curies":[{"name":"wp","href":"https:\/\/api.w.org\/{rel}","templated":true}]}}