{"id":1160,"date":"2014-08-26T09:05:17","date_gmt":"2014-08-26T09:05:17","guid":{"rendered":"https:\/\/rathaus-aachen.comlounge.dev\/?page_id=1160"},"modified":"2014-10-01T07:25:40","modified_gmt":"2014-10-01T07:25:40","slug":"la-tour-granus","status":"publish","type":"page","link":"https:\/\/rathaus-aachen.de\/fr\/tour-3\/la-tour-granus\/","title":{"rendered":"La tour Granus"},"content":{"rendered":"<p><em>La tour Granus n\u2019est pas accessible au public. Vous pouvez toutefois obtenir ici d\u2019amples informations sur le plus ancien \u00e9l\u00e9ment architectonique du palais imp\u00e9rial conserv\u00e9 jusqu\u2019aujourd\u2019hui.<\/em><\/p>\n<p>La tour Granus a \u00e9t\u00e9 construite en m\u00eame temps que la salle de l\u2019assembl\u00e9e de Charlemagne au tournant du VIIIe au IXe si\u00e8cle. Ses quatre \u00e9tages inf\u00e9rieurs d\u2019une hauteur d\u2019environ 20 m\u00e8tres sont d\u2019\u00e9poque, tandis que les cinqui\u00e8me et sixi\u00e8me \u00e9tages datent du XIVe si\u00e8cle. Sa fl\u00e8che a maintes fois \u00e9t\u00e9 d\u00e9truite lors d\u2019incendies ou de conflits. La fl\u00e8che actuelle date de 1979.<\/p>\n<p>L\u2019aspect ext\u00e9rieur de la tour est relativement simple. Les \u00e9tages d\u2019\u00e9poque carolingienne pr\u00e9sentent par contre une structure interne complexe : autour des pi\u00e8ces carr\u00e9es, la plupart vo\u00fbt\u00e9es, s\u2019enroule un escalier qui reliait l\u2019entr\u00e9e principale de la tour situ\u00e9e \u00e0 l\u2019\u00e9tage inf\u00e9rieur avec deux autres portes aux deuxi\u00e8me et quatri\u00e8me \u00e9tages. Ces portes menaient au dernier \u00e9tage, ou plut\u00f4t au toit d\u2019une construction en saillie qui n\u2019existe plus aujourd\u2019hui et qui s\u2019\u00e9tirait le long de la face sud de la salle de l\u2019assembl\u00e9e.<\/p>\n<p>Un canal passait autrefois en dessous de la tour. Par l\u2019interm\u00e9diaire d\u2019un puits (qui se trouve aujourd\u2019hui encore \u00e0 l\u2019\u00e9tage inf\u00e9rieur), il servait soit \u00e0 l\u2019approvisionnement en eau fra\u00eeche, soit \u00e0 l\u2019\u00e9coulement des excr\u00e9ments. Des canaux horizontaux et verticaux \u00e9troits ont \u00e9t\u00e9 d\u00e9cel\u00e9s dans les murs ext\u00e9rieurs de la tour \u00e0 partir du troisi\u00e8me \u00e9tage. Contrairement \u00e0 ce qui \u00e9tait encore r\u00e9cemment admis, ces canaux ne servaient pas au chauffage \u00e0 air chaud. Comme les empreintes de poutres dans le mortier le prouvent, il s\u2019agit bien plus de cavit\u00e9s cr\u00e9\u00e9es dans la ma\u00e7onnerie par un \u00e9chafaudage en bois, entretemps d\u00e9compos\u00e9. Cet \u00e9chafaudage servit probablement lors de la construction de la tour \u00e0 jalonner la structure complexe de l\u2019espace.<\/p>\n<p>La grande complexit\u00e9 de ce vaste projet de construction explique \u00e9ventuellement le fait qu\u2019il n\u2019existe presqu\u2019aucune r\u00e9plique de la tour d\u2019escalier dans l\u2019architecture m\u00e9di\u00e9vale. La tour n\u2019\u00e9tant de surcro\u00eet aucunement mentionn\u00e9e dans les sources \u00e9crites d\u2019\u00e9poque carolingienne conserv\u00e9es, sa fonction originelle fit l\u2019objet de maintes sp\u00e9culations. Elle fut interpr\u00e9t\u00e9e comme tour de fortification, maison-tour et tour du tr\u00e9sor. Or, ses fen\u00eatres dispos\u00e9es en hauteur ne permettent pas de surveiller les environs, la lumi\u00e8re du soleil n\u2019\u00e9claire pas les pi\u00e8ces int\u00e9rieures et aucune des portes n\u2019est s\u00e9curis\u00e9e de fa\u00e7on ad\u00e9quate. On peut donc supposer que la tour n\u2019a rempli aucune de ces fonctions. En r\u00e9alit\u00e9, l\u2019escalier constitue l\u2019\u00e9l\u00e9ment architectonique qui m\u00e9rite notre attention : il pr\u00e9sente un degr\u00e9 de pente confortable dans la mesure o\u00f9 il s\u2019enroule autour des pi\u00e8ces int\u00e9rieures, et il est \u00e9clair\u00e9 de toutes parts par des fen\u00eatres. Tous ces indices favorisent l\u2019id\u00e9e qu\u2019il s\u2019agit d\u2019un escalier inspir\u00e9 aux Carolingiens par l\u2019architecture byzantine; \u00e0 la diff\u00e9rence que les Carolingiens ne con\u00e7urent pas l\u2019escalier telle une structure montante sans interruption, mais cr\u00e9\u00e8rent pour chaque \u00e9tage un nouveau segment d\u2019escalier qui reliait entre eux les points auxquels l\u2019escalier devait mener. Les pi\u00e8ces int\u00e9rieures ont pu servir de zones d\u2019attente ou de sas pour manoeuvrer des groupes de personnes venant de directions diff\u00e9rentes. Trois reconnaissables colonnes de trois quarts indiquent en outre qu\u2019il ne s\u2019agissait pas d\u2019un escalier purement fonctionnel. On peut donc affirmer qu\u2019avec les escaliers en colima\u00e7on du massif occidental de la chapelle palatine (actuelle cath\u00e9drale), il s\u2019agit de l\u2019escalier int\u00e9rieur repr\u00e9sentatif le plus ancien du nord des Alpes conserv\u00e9 jusqu\u2019aujourd\u2019hui; m\u00eame si nous sp\u00e9culons encore sur les fonctions que remplissait l\u2019avant-corps de la salle de l\u2019assembl\u00e9e \u00e0 laquelle il conduisait.<\/p>\n<p>Les sources \u00e9crites datant du Moyen \u00c2ge tardif d\u00e9signent la tour du nom de \u00ab turris regia \u00bb ou encore de \u00ab saltorn \u00bb, ce qui prouve son lien \u00e9troit avec la salle de l\u2019assembl\u00e9e. C\u2019est seulement depuis la Renaissance qu\u2019elle est appel\u00e9e \u00ab tour Granus \u00bb : on supposait \u00e0 l\u2019\u00e9poque qu\u2019elle \u00e9tait un vestige de l\u2019\u00e9poque romaine et le lieu de r\u00e9sidence du l\u00e9gendaire fondateur de la ville, Granus Serenus, fr\u00e8re \u00e9galement l\u00e9gendaire de l\u2019empereur romain N\u00e9ron. Au cours de son histoire, la tour a connu plusieurs usages : elle h\u00e9bergea le gardien de la tour, les archives de la ville et une prison. La tour est aujourd\u2019hui vide. Pour des raisons de conservation, elle n\u2019est pas accessible au public.<\/p>\n<p>&nbsp;<\/p>\n<p><i>Judith Ley<\/i><\/p>\n<p>L\u2019auteur travaille \u00e0 l\u2019Institut d\u2019enseignement et recherche \u00ab Entretien des monuments \u00bb de la RWTH et est l\u2019un des chefs de file de la recherche consacr\u00e9e au palais d\u2019Aix-la-Chapelle.<\/p>\n<p>&nbsp;<\/p>\n","protected":false},"excerpt":{"rendered":"<p>La tour Granus n\u2019est pas accessible au public. Vous pouvez toutefois obtenir ici d\u2019amples informations sur le plus ancien \u00e9l\u00e9ment architectonique du palais imp\u00e9rial conserv\u00e9 jusqu\u2019aujourd\u2019hui. La tour Granus a \u00e9t\u00e9 construite en m\u00eame temps que la salle de l\u2019assembl\u00e9e de Charlemagne au tournant du VIIIe au IXe si\u00e8cle. Ses quatre \u00e9tages inf\u00e9rieurs d\u2019une hauteur [&hellip;]<\/p>\n","protected":false},"author":3,"featured_media":0,"parent":1108,"menu_order":9,"comment_status":"open","ping_status":"open","template":"page-gallery-single.php","meta":{"_acf_changed":false,"_lmt_disableupdate":"","_lmt_disable":"","footnotes":""},"class_list":["post-1160","page","type-page","status-publish","hentry"],"acf":[],"_links":{"self":[{"href":"https:\/\/rathaus-aachen.de\/fr\/wp-json\/wp\/v2\/pages\/1160","targetHints":{"allow":["GET"]}}],"collection":[{"href":"https:\/\/rathaus-aachen.de\/fr\/wp-json\/wp\/v2\/pages"}],"about":[{"href":"https:\/\/rathaus-aachen.de\/fr\/wp-json\/wp\/v2\/types\/page"}],"author":[{"embeddable":true,"href":"https:\/\/rathaus-aachen.de\/fr\/wp-json\/wp\/v2\/users\/3"}],"replies":[{"embeddable":true,"href":"https:\/\/rathaus-aachen.de\/fr\/wp-json\/wp\/v2\/comments?post=1160"}],"version-history":[{"count":3,"href":"https:\/\/rathaus-aachen.de\/fr\/wp-json\/wp\/v2\/pages\/1160\/revisions"}],"predecessor-version":[{"id":1423,"href":"https:\/\/rathaus-aachen.de\/fr\/wp-json\/wp\/v2\/pages\/1160\/revisions\/1423"}],"up":[{"embeddable":true,"href":"https:\/\/rathaus-aachen.de\/fr\/wp-json\/wp\/v2\/pages\/1108"}],"wp:attachment":[{"href":"https:\/\/rathaus-aachen.de\/fr\/wp-json\/wp\/v2\/media?parent=1160"}],"curies":[{"name":"wp","href":"https:\/\/api.w.org\/{rel}","templated":true}]}}