{"id":1154,"date":"2014-08-26T08:58:40","date_gmt":"2014-08-26T08:58:40","guid":{"rendered":"https:\/\/rathaus-aachen.comlounge.dev\/?page_id=1154"},"modified":"2014-10-01T09:18:00","modified_gmt":"2014-10-01T09:18:00","slug":"salle-de-couronnement","status":"publish","type":"page","link":"https:\/\/rathaus-aachen.de\/fr\/tour-3\/salle-de-couronnement\/","title":{"rendered":"Salle de couronnement"},"content":{"rendered":"<p>Cette salle \u00e0 deux nefs, dont les cinq crois\u00e9es d\u2019ogives respectives sont divis\u00e9es par quatre piliers imposants, pr\u00e9sente une longueur de 45 m\u00e8tres pour une largeur de 18,5 m\u00e8tres. Elle fut construite en 1349 et constituait alors la plus grande salle profane du Saint-Empire romain germanique.<\/p>\n<p>C\u2019est elle qui conf\u00e8re \u00e0 l\u2019h\u00f4tel de ville d\u2019Aix-la-Chapelle son caract\u00e8re unique et le distinguait des autres h\u00f4tels de ville de l\u2019empire. Au Moyen \u00c2ge, elle accueillait les banquets de couronnement. C\u2019est en ses murs que le prix international Charlemagne est d\u00e9cern\u00e9 aujourd\u2019hui. Elle n\u2019a de sorte jamais perdu son envergure europ\u00e9enne.<\/p>\n<p>Ceci est \u00e9voqu\u00e9 par trois blasons dispos\u00e9s au-dessus de l\u2019estrade : au centre, on per\u00e7oit l\u2019aigle imp\u00e9rial de la Maison de Hohenstaufen, blason de la ville libre d\u2019Empire depuis 1351; \u00e0 droite, l\u2019aigle bic\u00e9phale, blason de l\u2019empereur depuis 1433; et \u00e0 gauche, le \u00ab blason de Charlemagne \u00bb du chapitre de la cath\u00e9drale d\u2019Aix-la-Chapelle, qui r\u00e9unit le lys fran\u00e7ais et l\u2019aigle germanique depuis le XVe si\u00e8cle.<\/p>\n","protected":false},"excerpt":{"rendered":"<p>Cette salle \u00e0 deux nefs, dont les cinq crois\u00e9es d\u2019ogives respectives sont divis\u00e9es par quatre piliers imposants, pr\u00e9sente une longueur de 45 m\u00e8tres pour une largeur de 18,5 m\u00e8tres. Elle fut construite en 1349 et constituait alors la plus grande salle profane du Saint-Empire romain germanique. C\u2019est elle qui conf\u00e8re \u00e0 l\u2019h\u00f4tel de ville d\u2019Aix-la-Chapelle [&hellip;]<\/p>\n","protected":false},"author":3,"featured_media":0,"parent":1108,"menu_order":8,"comment_status":"open","ping_status":"closed","template":"page-gallery-single.php","meta":{"_acf_changed":false,"_lmt_disableupdate":"","_lmt_disable":"","footnotes":""},"class_list":["post-1154","page","type-page","status-publish","hentry"],"acf":[],"_links":{"self":[{"href":"https:\/\/rathaus-aachen.de\/fr\/wp-json\/wp\/v2\/pages\/1154","targetHints":{"allow":["GET"]}}],"collection":[{"href":"https:\/\/rathaus-aachen.de\/fr\/wp-json\/wp\/v2\/pages"}],"about":[{"href":"https:\/\/rathaus-aachen.de\/fr\/wp-json\/wp\/v2\/types\/page"}],"author":[{"embeddable":true,"href":"https:\/\/rathaus-aachen.de\/fr\/wp-json\/wp\/v2\/users\/3"}],"replies":[{"embeddable":true,"href":"https:\/\/rathaus-aachen.de\/fr\/wp-json\/wp\/v2\/comments?post=1154"}],"version-history":[{"count":4,"href":"https:\/\/rathaus-aachen.de\/fr\/wp-json\/wp\/v2\/pages\/1154\/revisions"}],"predecessor-version":[{"id":1431,"href":"https:\/\/rathaus-aachen.de\/fr\/wp-json\/wp\/v2\/pages\/1154\/revisions\/1431"}],"up":[{"embeddable":true,"href":"https:\/\/rathaus-aachen.de\/fr\/wp-json\/wp\/v2\/pages\/1108"}],"wp:attachment":[{"href":"https:\/\/rathaus-aachen.de\/fr\/wp-json\/wp\/v2\/media?parent=1154"}],"curies":[{"name":"wp","href":"https:\/\/api.w.org\/{rel}","templated":true}]}}