{"id":1148,"date":"2014-08-22T12:02:44","date_gmt":"2014-08-22T12:02:44","guid":{"rendered":"https:\/\/rathaus-aachen.comlounge.dev\/?page_id=1148"},"modified":"2014-10-01T07:23:00","modified_gmt":"2014-10-01T07:23:00","slug":"lescalier-construit-par-ark","status":"publish","type":"page","link":"https:\/\/rathaus-aachen.de\/fr\/tour-3\/lescalier-construit-par-ark\/","title":{"rendered":"L\u2019escalier construit par Ark"},"content":{"rendered":"<p>Un portail n\u00e9ogothique en gr\u00e8s m\u00e8ne \u00e0 l\u2019escalier construit par Ark en 1840. Son ascension promet une vue imprenable sur la cath\u00e9drale d\u2019Aix-la-Chapelle; elle offre \u00e9galement d\u2019\u00e9largir ses connaissances du Prix international de Charlemagne et de ses laur\u00e9ats.<\/p>\n<p>Devant la salle des couronnements, le regard se pose sur deux peintures monumentales, r\u00e9alis\u00e9es par Albert Baur dans les ann\u00e9es 1900\/01 : \u00e0 gauche, les citoyens aixois pr\u00eatent serment devant l\u2019empereur Fr\u00e9d\u00e9ric Barberousse de construire un rempart; \u00e0 droite, le l\u00e9gendaire fr\u00e8re de l\u2019empereur N\u00e9ron, Granus Serenus, d\u00e9couvre les sources chaudes d\u2019Aix-la-Chapelle.<\/p>\n<p>En guise d\u2019accueil, on peut lire au-dessus de l\u2019entr\u00e9e le monogramme de Charlemagne.<\/p>\n","protected":false},"excerpt":{"rendered":"<p>Un portail n\u00e9ogothique en gr\u00e8s m\u00e8ne \u00e0 l\u2019escalier construit par Ark en 1840. Son ascension promet une vue imprenable sur la cath\u00e9drale d\u2019Aix-la-Chapelle; elle offre \u00e9galement d\u2019\u00e9largir ses connaissances du Prix international de Charlemagne et de ses laur\u00e9ats. Devant la salle des couronnements, le regard se pose sur deux peintures monumentales, r\u00e9alis\u00e9es par Albert Baur [&hellip;]<\/p>\n","protected":false},"author":3,"featured_media":871,"parent":1108,"menu_order":7,"comment_status":"open","ping_status":"closed","template":"page-gallery-single.php","meta":{"_acf_changed":false,"_lmt_disableupdate":"","_lmt_disable":"","footnotes":""},"class_list":["post-1148","page","type-page","status-publish","has-post-thumbnail","hentry"],"acf":[],"_links":{"self":[{"href":"https:\/\/rathaus-aachen.de\/fr\/wp-json\/wp\/v2\/pages\/1148","targetHints":{"allow":["GET"]}}],"collection":[{"href":"https:\/\/rathaus-aachen.de\/fr\/wp-json\/wp\/v2\/pages"}],"about":[{"href":"https:\/\/rathaus-aachen.de\/fr\/wp-json\/wp\/v2\/types\/page"}],"author":[{"embeddable":true,"href":"https:\/\/rathaus-aachen.de\/fr\/wp-json\/wp\/v2\/users\/3"}],"replies":[{"embeddable":true,"href":"https:\/\/rathaus-aachen.de\/fr\/wp-json\/wp\/v2\/comments?post=1148"}],"version-history":[{"count":3,"href":"https:\/\/rathaus-aachen.de\/fr\/wp-json\/wp\/v2\/pages\/1148\/revisions"}],"predecessor-version":[{"id":1417,"href":"https:\/\/rathaus-aachen.de\/fr\/wp-json\/wp\/v2\/pages\/1148\/revisions\/1417"}],"up":[{"embeddable":true,"href":"https:\/\/rathaus-aachen.de\/fr\/wp-json\/wp\/v2\/pages\/1108"}],"wp:featuredmedia":[{"embeddable":true,"href":"https:\/\/rathaus-aachen.de\/fr\/wp-json\/wp\/v2\/media\/871"}],"wp:attachment":[{"href":"https:\/\/rathaus-aachen.de\/fr\/wp-json\/wp\/v2\/media?parent=1148"}],"curies":[{"name":"wp","href":"https:\/\/api.w.org\/{rel}","templated":true}]}}