{"id":1142,"date":"2014-08-22T11:58:48","date_gmt":"2014-08-22T11:58:48","guid":{"rendered":"https:\/\/rathaus-aachen.comlounge.dev\/?page_id=1142"},"modified":"2014-10-01T07:21:53","modified_gmt":"2014-10-01T07:21:53","slug":"salle-de-la-paix-salle-rouge","status":"publish","type":"page","link":"https:\/\/rathaus-aachen.de\/fr\/tour-3\/salle-de-la-paix-salle-rouge\/","title":{"rendered":"Salle de la paix"},"content":{"rendered":"<p>Le nom de cette salle revient \u00e0 la \u00ab Paix d\u2019Aix-la-Chapelle \u00bb de 1748. Les n\u00e9gociations cens\u00e9es mettre fin \u00e0 la guerre de Succession d\u2019Autriche devaient au d\u00e9part s\u2019y tenir; ce qui ne fut cependant pas le cas \u00e0 cause d\u2019un conflit de pr\u00e9s\u00e9ance. Quatre portraits des repr\u00e9sentants des \u00c9tats concern\u00e9s peuvent aujourd\u2019hui encore \u00eatre admir\u00e9s dans leur cadre d\u2019\u00e9poque. Deux chefs-d\u2019\u0153uvre du baroque tardif se trouvent dans les arcs formerets des murs frontaux. Il s\u2019agit de \u00ab Diane et Pan avec la laine \u00bb (mur ouest) et d\u2019\u00ab Alph\u00e9e et Ar\u00e9thuse \u00bb (mur est), peints par Marcantonio Franceschini vers 1700. Les boiseries proviennent de Jacques de Reux vers 1730. Au centre de la salle, une table multi-tactile permet de d\u00e9couvrir la Paix d\u2019Aix-la-Chapelle de fa\u00e7on plus d\u00e9taill\u00e9e.<\/p>\n","protected":false},"excerpt":{"rendered":"<p>Le nom de cette salle revient \u00e0 la \u00ab Paix d\u2019Aix-la-Chapelle \u00bb de 1748. Les n\u00e9gociations cens\u00e9es mettre fin \u00e0 la guerre de Succession d\u2019Autriche devaient au d\u00e9part s\u2019y tenir; ce qui ne fut cependant pas le cas \u00e0 cause d\u2019un conflit de pr\u00e9s\u00e9ance. Quatre portraits des repr\u00e9sentants des \u00c9tats concern\u00e9s peuvent aujourd\u2019hui encore \u00eatre [&hellip;]<\/p>\n","protected":false},"author":3,"featured_media":838,"parent":1108,"menu_order":6,"comment_status":"open","ping_status":"closed","template":"page-gallery-single.php","meta":{"_acf_changed":false,"_lmt_disableupdate":"","_lmt_disable":"","footnotes":""},"class_list":["post-1142","page","type-page","status-publish","has-post-thumbnail","hentry"],"acf":[],"_links":{"self":[{"href":"https:\/\/rathaus-aachen.de\/fr\/wp-json\/wp\/v2\/pages\/1142","targetHints":{"allow":["GET"]}}],"collection":[{"href":"https:\/\/rathaus-aachen.de\/fr\/wp-json\/wp\/v2\/pages"}],"about":[{"href":"https:\/\/rathaus-aachen.de\/fr\/wp-json\/wp\/v2\/types\/page"}],"author":[{"embeddable":true,"href":"https:\/\/rathaus-aachen.de\/fr\/wp-json\/wp\/v2\/users\/3"}],"replies":[{"embeddable":true,"href":"https:\/\/rathaus-aachen.de\/fr\/wp-json\/wp\/v2\/comments?post=1142"}],"version-history":[{"count":4,"href":"https:\/\/rathaus-aachen.de\/fr\/wp-json\/wp\/v2\/pages\/1142\/revisions"}],"predecessor-version":[{"id":1414,"href":"https:\/\/rathaus-aachen.de\/fr\/wp-json\/wp\/v2\/pages\/1142\/revisions\/1414"}],"up":[{"embeddable":true,"href":"https:\/\/rathaus-aachen.de\/fr\/wp-json\/wp\/v2\/pages\/1108"}],"wp:featuredmedia":[{"embeddable":true,"href":"https:\/\/rathaus-aachen.de\/fr\/wp-json\/wp\/v2\/media\/838"}],"wp:attachment":[{"href":"https:\/\/rathaus-aachen.de\/fr\/wp-json\/wp\/v2\/media?parent=1142"}],"curies":[{"name":"wp","href":"https:\/\/api.w.org\/{rel}","templated":true}]}}