{"id":1136,"date":"2014-08-22T11:53:39","date_gmt":"2014-08-22T11:53:39","guid":{"rendered":"https:\/\/rathaus-aachen.comlounge.dev\/?page_id=1136"},"modified":"2014-10-01T07:20:46","modified_gmt":"2014-10-01T07:20:46","slug":"la-salle-resplendit","status":"publish","type":"page","link":"https:\/\/rathaus-aachen.de\/fr\/tour-3\/la-salle-resplendit\/","title":{"rendered":"La salle resplendit"},"content":{"rendered":"<p>Le nom de cette pi\u00e8ce rem\u00e9more \u00e9galement la tradition des drapiers aixois. Des photos de la ville d\u00e9truite d\u2019Aix-la-Chapelle datant de 1944 d\u00e9filent sur un \u00e9cran vid\u00e9o. Un album photo interactif et une station d\u2019\u00e9coute compl\u00e8tent l\u2019exposition. Le linteau de la chemin\u00e9e datant de 1668 pr\u00e9sente les armoiries en laiton repouss\u00e9 des maires de l\u2019\u00e9poque. Deux contrema\u00eetres et deux architectes municipaux se sont immortalis\u00e9s sur la frise. Sur la plaque en fonte sont repr\u00e9sent\u00e9s Charlemagne, la chapelle palatine et l\u2019aigle imp\u00e9rial.<\/p>\n<p>Au mur nord de la salle resplendit le portrait de Guillaume Ier, peint en 1890 par Anton von Werner. Le souverain est repr\u00e9sent\u00e9 devant l\u2019h\u00f4tel de ville en 1865, d\u00e9cor\u00e9 \u00e0 l\u2019occasion du cinquantenaire de l\u2019annexion de la Rh\u00e9nanie \u00e0 la Prusse. On peut voir en dessous les portraits de son fr\u00e8re Fr\u00e9d\u00e9ric-Guillaume IV et son \u00e9pouse \u00c9lisabeth de Bavi\u00e8re (Wilhelm Hensel, 1857).<\/p>\n","protected":false},"excerpt":{"rendered":"<p>Le nom de cette pi\u00e8ce rem\u00e9more \u00e9galement la tradition des drapiers aixois. Des photos de la ville d\u00e9truite d\u2019Aix-la-Chapelle datant de 1944 d\u00e9filent sur un \u00e9cran vid\u00e9o. Un album photo interactif et une station d\u2019\u00e9coute compl\u00e8tent l\u2019exposition. Le linteau de la chemin\u00e9e datant de 1668 pr\u00e9sente les armoiries en laiton repouss\u00e9 des maires de l\u2019\u00e9poque. [&hellip;]<\/p>\n","protected":false},"author":3,"featured_media":844,"parent":1108,"menu_order":5,"comment_status":"open","ping_status":"closed","template":"page-gallery-single.php","meta":{"_acf_changed":false,"_lmt_disableupdate":"","_lmt_disable":"","footnotes":""},"class_list":["post-1136","page","type-page","status-publish","has-post-thumbnail","hentry"],"acf":[],"_links":{"self":[{"href":"https:\/\/rathaus-aachen.de\/fr\/wp-json\/wp\/v2\/pages\/1136","targetHints":{"allow":["GET"]}}],"collection":[{"href":"https:\/\/rathaus-aachen.de\/fr\/wp-json\/wp\/v2\/pages"}],"about":[{"href":"https:\/\/rathaus-aachen.de\/fr\/wp-json\/wp\/v2\/types\/page"}],"author":[{"embeddable":true,"href":"https:\/\/rathaus-aachen.de\/fr\/wp-json\/wp\/v2\/users\/3"}],"replies":[{"embeddable":true,"href":"https:\/\/rathaus-aachen.de\/fr\/wp-json\/wp\/v2\/comments?post=1136"}],"version-history":[{"count":3,"href":"https:\/\/rathaus-aachen.de\/fr\/wp-json\/wp\/v2\/pages\/1136\/revisions"}],"predecessor-version":[{"id":1411,"href":"https:\/\/rathaus-aachen.de\/fr\/wp-json\/wp\/v2\/pages\/1136\/revisions\/1411"}],"up":[{"embeddable":true,"href":"https:\/\/rathaus-aachen.de\/fr\/wp-json\/wp\/v2\/pages\/1108"}],"wp:featuredmedia":[{"embeddable":true,"href":"https:\/\/rathaus-aachen.de\/fr\/wp-json\/wp\/v2\/media\/844"}],"wp:attachment":[{"href":"https:\/\/rathaus-aachen.de\/fr\/wp-json\/wp\/v2\/media?parent=1136"}],"curies":[{"name":"wp","href":"https:\/\/api.w.org\/{rel}","templated":true}]}}