{"id":1130,"date":"2014-08-22T11:47:43","date_gmt":"2014-08-22T11:47:43","guid":{"rendered":"https:\/\/rathaus-aachen.comlounge.dev\/?page_id=1130"},"modified":"2014-10-01T07:19:31","modified_gmt":"2014-10-01T07:19:31","slug":"chambre-des-contremaitres","status":"publish","type":"page","link":"https:\/\/rathaus-aachen.de\/fr\/tour-3\/chambre-des-contremaitres\/","title":{"rendered":"Chambre des contrema\u00eetres"},"content":{"rendered":"<p>La Chambre des contrema\u00eetres est l\u2019une des plus somptueuses salles de style baroque aixois-li\u00e9geois. C\u2019est en cet endroit que les drapiers devaient pr\u00e9senter leurs produits devant une assembl\u00e9e de jur\u00e9s qui n\u2019en autorisait l\u2019exportation qu\u2019apr\u00e8s examen d\u00e9taill\u00e9 des ballots. Un portrait de Charlemagne \u00e9voque ce th\u00e8me (J. Ch. Bollenrath, 1730).<\/p>\n<p>Les autres portraits sont ceux des maires d\u2019Aix-la-Chapelle qui exerc\u00e8rent leur fonction dans cette pi\u00e8ce. Bollenrath a \u00e9galement r\u00e9alis\u00e9 trois grandes peintures murales dont la plus importante, intitul\u00e9e\u00a0 \u00ab Paix et Justice \u00bb, orne le mur sud. Le cycle est parachev\u00e9 \u00e0 l\u2019ouest par \u00ab Susanne et les deux vieillards \u00bb et \u00e0 l\u2019est par la \u00ab Victoire de la vertu sur le vice \u00bb.<\/p>\n<p>Les boiseries baroques proviennent des ateliers du ma\u00eetre li\u00e9geois Jacques de Reux. Les trois vitrines plac\u00e9es devant les fen\u00eatres exposent le livre d\u2019or historique, le \u00ab collier de fonction \u00bb du maire et le \u00ab Ratssilber \u00bb historique (collection d\u2019argenteries de l\u2019h\u00f4tel de ville).<\/p>\n","protected":false},"excerpt":{"rendered":"<p>La Chambre des contrema\u00eetres est l\u2019une des plus somptueuses salles de style baroque aixois-li\u00e9geois. C\u2019est en cet endroit que les drapiers devaient pr\u00e9senter leurs produits devant une assembl\u00e9e de jur\u00e9s qui n\u2019en autorisait l\u2019exportation qu\u2019apr\u00e8s examen d\u00e9taill\u00e9 des ballots. Un portrait de Charlemagne \u00e9voque ce th\u00e8me (J. Ch. Bollenrath, 1730). Les autres portraits sont ceux [&hellip;]<\/p>\n","protected":false},"author":3,"featured_media":847,"parent":1108,"menu_order":4,"comment_status":"open","ping_status":"closed","template":"page-gallery-single.php","meta":{"_acf_changed":false,"_lmt_disableupdate":"","_lmt_disable":"","footnotes":""},"class_list":["post-1130","page","type-page","status-publish","has-post-thumbnail","hentry"],"acf":[],"_links":{"self":[{"href":"https:\/\/rathaus-aachen.de\/fr\/wp-json\/wp\/v2\/pages\/1130","targetHints":{"allow":["GET"]}}],"collection":[{"href":"https:\/\/rathaus-aachen.de\/fr\/wp-json\/wp\/v2\/pages"}],"about":[{"href":"https:\/\/rathaus-aachen.de\/fr\/wp-json\/wp\/v2\/types\/page"}],"author":[{"embeddable":true,"href":"https:\/\/rathaus-aachen.de\/fr\/wp-json\/wp\/v2\/users\/3"}],"replies":[{"embeddable":true,"href":"https:\/\/rathaus-aachen.de\/fr\/wp-json\/wp\/v2\/comments?post=1130"}],"version-history":[{"count":3,"href":"https:\/\/rathaus-aachen.de\/fr\/wp-json\/wp\/v2\/pages\/1130\/revisions"}],"predecessor-version":[{"id":1408,"href":"https:\/\/rathaus-aachen.de\/fr\/wp-json\/wp\/v2\/pages\/1130\/revisions\/1408"}],"up":[{"embeddable":true,"href":"https:\/\/rathaus-aachen.de\/fr\/wp-json\/wp\/v2\/pages\/1108"}],"wp:featuredmedia":[{"embeddable":true,"href":"https:\/\/rathaus-aachen.de\/fr\/wp-json\/wp\/v2\/media\/847"}],"wp:attachment":[{"href":"https:\/\/rathaus-aachen.de\/fr\/wp-json\/wp\/v2\/media?parent=1130"}],"curies":[{"name":"wp","href":"https:\/\/api.w.org\/{rel}","templated":true}]}}