{"id":1114,"date":"2014-08-22T11:20:52","date_gmt":"2014-08-22T11:20:52","guid":{"rendered":"https:\/\/rathaus-aachen.comlounge.dev\/?page_id=1114"},"modified":"2014-10-01T07:14:44","modified_gmt":"2014-10-01T07:14:44","slug":"hall-dentree","status":"publish","type":"page","link":"https:\/\/rathaus-aachen.de\/fr\/tour-3\/hall-dentree\/","title":{"rendered":"Hall d\u2019entr\u00e9e"},"content":{"rendered":"<p>Un film diffus\u00e9 dans le hall d\u2019entr\u00e9e propose de d\u00e9couvrir le palais carolingien. Les murs sont orn\u00e9s de deux c\u00e9l\u00e8bres portraits, celui de l\u2019empereur Sigismond (\u00e0 gauche) et de Charlemagne (\u00e0 droite). Il s\u2019agit de copies d\u2019\u0153uvres originales d\u2019Albrecht D\u00fcrer, peintes en 1511\/13 pour le compte de la ville de Nuremberg.<\/p>\n","protected":false},"excerpt":{"rendered":"<p>Un film diffus\u00e9 dans le hall d\u2019entr\u00e9e propose de d\u00e9couvrir le palais carolingien. Les murs sont orn\u00e9s de deux c\u00e9l\u00e8bres portraits, celui de l\u2019empereur Sigismond (\u00e0 gauche) et de Charlemagne (\u00e0 droite). Il s\u2019agit de copies d\u2019\u0153uvres originales d\u2019Albrecht D\u00fcrer, peintes en 1511\/13 pour le compte de la ville de Nuremberg.<\/p>\n","protected":false},"author":3,"featured_media":865,"parent":1108,"menu_order":1,"comment_status":"open","ping_status":"closed","template":"page-gallery-single.php","meta":{"_acf_changed":false,"_lmt_disableupdate":"","_lmt_disable":"","footnotes":""},"class_list":["post-1114","page","type-page","status-publish","has-post-thumbnail","hentry"],"acf":[],"_links":{"self":[{"href":"https:\/\/rathaus-aachen.de\/fr\/wp-json\/wp\/v2\/pages\/1114","targetHints":{"allow":["GET"]}}],"collection":[{"href":"https:\/\/rathaus-aachen.de\/fr\/wp-json\/wp\/v2\/pages"}],"about":[{"href":"https:\/\/rathaus-aachen.de\/fr\/wp-json\/wp\/v2\/types\/page"}],"author":[{"embeddable":true,"href":"https:\/\/rathaus-aachen.de\/fr\/wp-json\/wp\/v2\/users\/3"}],"replies":[{"embeddable":true,"href":"https:\/\/rathaus-aachen.de\/fr\/wp-json\/wp\/v2\/comments?post=1114"}],"version-history":[{"count":5,"href":"https:\/\/rathaus-aachen.de\/fr\/wp-json\/wp\/v2\/pages\/1114\/revisions"}],"predecessor-version":[{"id":1401,"href":"https:\/\/rathaus-aachen.de\/fr\/wp-json\/wp\/v2\/pages\/1114\/revisions\/1401"}],"up":[{"embeddable":true,"href":"https:\/\/rathaus-aachen.de\/fr\/wp-json\/wp\/v2\/pages\/1108"}],"wp:featuredmedia":[{"embeddable":true,"href":"https:\/\/rathaus-aachen.de\/fr\/wp-json\/wp\/v2\/media\/865"}],"wp:attachment":[{"href":"https:\/\/rathaus-aachen.de\/fr\/wp-json\/wp\/v2\/media?parent=1114"}],"curies":[{"name":"wp","href":"https:\/\/api.w.org\/{rel}","templated":true}]}}