{"id":1085,"date":"2014-08-22T09:14:01","date_gmt":"2014-08-22T09:14:01","guid":{"rendered":"https:\/\/rathaus-aachen.comlounge.dev\/?page_id=1085"},"modified":"2014-08-22T09:17:15","modified_gmt":"2014-08-22T09:17:15","slug":"le-prix-international-charlemagne-daix-la-chapelle","status":"publish","type":"page","link":"https:\/\/rathaus-aachen.de\/fr\/le-prix-international-charlemagne-daix-la-chapelle\/","title":{"rendered":"Prix international Charlemagne"},"content":{"rendered":"<p><img loading=\"lazy\" decoding=\"async\" class=\"alignnone size-full wp-image-192\" alt=\"karlspreis_big\" src=\"http:\/\/rathaus-aachen.de\/wp-content\/uploads\/2013\/02\/karlspreis_big.jpg\" width=\"468\" height=\"247\" srcset=\"https:\/\/rathaus-aachen.de\/wp-content\/uploads\/2013\/02\/karlspreis_big.jpg 468w, https:\/\/rathaus-aachen.de\/wp-content\/uploads\/2013\/02\/karlspreis_big-300x158.jpg 300w\" sizes=\"auto, (max-width: 468px) 100vw, 468px\" \/><\/p>\n<p>Le prix international Charlemagne d\u2019Aix-la-Chapelle, d\u00e9cern\u00e9 pour la premi\u00e8re fois en 1950, est la distinction la plus ancienne et la plus c\u00e9l\u00e8bre r\u00e9compensant des personnalit\u00e9s ou des institutions pour leur engagement en faveur de l\u2019unification europ\u00e9enne.<\/p>\n<p>L\u2019id\u00e9e du prix est n\u00e9e le 19 d\u00e9cembre 1949 parmi les citoyens aixois. L\u2019initiateur, Dr. Kurt Pfeiffer, en formula l\u2019objectif avec les mots suivants : \u00ab Le prix Charlemagne agit sur l\u2019avenir, il rec\u00e8le pour ainsi dire un engagement en soi, mais un engagement de la plus haute valeur \u00e9thique. Il vise une union volontaire des peuples europ\u00e9ens, dans le but de d\u00e9fendre avec force renouvel\u00e9e les biens terrestres les plus pr\u00e9cieux, notamment la libert\u00e9, l\u2019humanit\u00e9 et la paix, afin aussi de soutenir avec efficacit\u00e9 les peuples opprim\u00e9s et sans ressources, et assurer l\u2019avenir de nos enfants et petits-enfants. \u00bb<\/p>\n<p>Le prix porte le nom de Charlemagne, consid\u00e9r\u00e9 comme l\u2019un des premiers unificateurs europ\u00e9ens et qui fit d\u2019Aix-la-Chapelle son palais favori \u00e0 la fin du VIIIe si\u00e8cle. Le lien entre le pass\u00e9 et l\u2019avenir de l\u2019Europe est ainsi \u00e9tabli.<\/p>\n<p>D\u2019amples informations sur l\u2019histoire du prix Charlemagne et ses laur\u00e9ats sont disponibles sur <a title=\"aachen.de\" href=\"https:\/\/www.aachen.de\/\" target=\"_blank\">aachen.de <\/a>et sur le site officiel du prix Charlemagne : <a title=\"karlspreis.de\" href=\"https:\/\/www.karlspreis.de\/\" target=\"_blank\">karlspreis.de<\/a>.<\/p>\n<p>&nbsp;<\/p>\n","protected":false},"excerpt":{"rendered":"<p>Le prix international Charlemagne d\u2019Aix-la-Chapelle, d\u00e9cern\u00e9 pour la premi\u00e8re fois en 1950, est la distinction la plus ancienne et la plus c\u00e9l\u00e8bre r\u00e9compensant des personnalit\u00e9s ou des institutions pour leur engagement en faveur de l\u2019unification europ\u00e9enne. L\u2019id\u00e9e du prix est n\u00e9e le 19 d\u00e9cembre 1949 parmi les citoyens aixois. L\u2019initiateur, Dr. Kurt Pfeiffer, en formula [&hellip;]<\/p>\n","protected":false},"author":3,"featured_media":859,"parent":0,"menu_order":0,"comment_status":"open","ping_status":"open","template":"","meta":{"_acf_changed":false,"_lmt_disableupdate":"","_lmt_disable":"","footnotes":""},"class_list":["post-1085","page","type-page","status-publish","has-post-thumbnail","hentry"],"acf":[],"_links":{"self":[{"href":"https:\/\/rathaus-aachen.de\/fr\/wp-json\/wp\/v2\/pages\/1085","targetHints":{"allow":["GET"]}}],"collection":[{"href":"https:\/\/rathaus-aachen.de\/fr\/wp-json\/wp\/v2\/pages"}],"about":[{"href":"https:\/\/rathaus-aachen.de\/fr\/wp-json\/wp\/v2\/types\/page"}],"author":[{"embeddable":true,"href":"https:\/\/rathaus-aachen.de\/fr\/wp-json\/wp\/v2\/users\/3"}],"replies":[{"embeddable":true,"href":"https:\/\/rathaus-aachen.de\/fr\/wp-json\/wp\/v2\/comments?post=1085"}],"version-history":[{"count":2,"href":"https:\/\/rathaus-aachen.de\/fr\/wp-json\/wp\/v2\/pages\/1085\/revisions"}],"predecessor-version":[{"id":1091,"href":"https:\/\/rathaus-aachen.de\/fr\/wp-json\/wp\/v2\/pages\/1085\/revisions\/1091"}],"wp:featuredmedia":[{"embeddable":true,"href":"https:\/\/rathaus-aachen.de\/fr\/wp-json\/wp\/v2\/media\/859"}],"wp:attachment":[{"href":"https:\/\/rathaus-aachen.de\/fr\/wp-json\/wp\/v2\/media?parent=1085"}],"curies":[{"name":"wp","href":"https:\/\/api.w.org\/{rel}","templated":true}]}}