{"id":1078,"date":"2014-08-22T08:10:55","date_gmt":"2014-08-22T08:10:55","guid":{"rendered":"https:\/\/rathaus-aachen.comlounge.dev\/?page_id=1078"},"modified":"2020-10-30T08:16:14","modified_gmt":"2020-10-30T08:16:14","slug":"impressumdatenschutz-2","status":"publish","type":"page","link":"https:\/\/rathaus-aachen.de\/fr\/impressumdatenschutz-2\/","title":{"rendered":"Mentions l\u00e9gales\/Protection des donn\u00e9es"},"content":{"rendered":"<p>Ville d\u2019Aix-la-Chapelle<br \/>\n<strong>La Mairesse<\/strong><\/p>\n<p>Rathaus<br \/>\nMarkt<br \/>\n52062 Aachen<br \/>\nGermany<br \/>\nTel. +49 241 432 7310<\/p>\n<p>Num\u00e9ro d\u2019enregistrement fiscal:<br \/>\nDE 121 68 98 15<\/p>\n<p>R\u00e9daction responsable:<br \/>\nFachbereich<strong>\u00a0<\/strong>Presse und Marketing<br \/>\nDr. Jutta G\u00f6ricke<br \/>\n52062 Aachen<br \/>\nTel. +49 241 432-1331<br \/>\nFax +49 241 28121<br \/>\n<a href=\"mailto:marketing@mail.aachen.de\">marketing@mail.aachen.de<\/a><\/p>\n<p>R\u00e9daction Internet de la ville d\u2019Aix-la-Chapelle:<br \/>\n<a href=\"mailto:onlineredaktion@mail.aachen.de\">onlineredaktion@mail.aachen.de<\/a><br \/>\n<a href=\"https:\/\/www.aachen.de\" target=\"_blank\" rel=\"noopener\">www.aachen.de<\/a><\/p>\n<p>Conception &amp; r\u00e9alisation:<br \/>\nwesentlich. visuelle kommunikation<br \/>\nAlfonsstra\u00dfe 44, 52070 Aix-la-Chapelle<br \/>\n<a href=\"https:\/\/www.wesentlich.com\/\" target=\"_blank\" rel=\"noopener\">www.wesentlich.com<\/a><\/p>\n<p>Cr\u00e9dit iconographique:<br \/>\nPeter Hinschl\u00e4ger<br \/>\nAndreas Herrmann<br \/>\nGilbert Kuhnert<\/p>\n<p>Texte:<br \/>\nDr. Jutta G\u00f6ricke<br \/>\nGeorg K. Helg<br \/>\nDr. Judith Ley<br \/>\nRolf Schnier<\/p>\n<p>H\u00e9bergement:<br \/>\nregio iT<br \/>\ngesellschaft f\u00fcr informationstechnologie mbh<br \/>\n<a href=\"mailto:info@regioit-aachen.de\">info@regioit-aachen.de<\/a><br \/>\n<a href=\"https:\/\/www.regioit-aachen.de\/\" target=\"_blank\" rel=\"noopener\">www.regioit-aachen.de<\/a><\/p>\n<p><strong>Exclusion de responsabilit\u00e9<\/strong><\/p>\n<p>La r\u00e9daction ne se porte pas garante de la conformit\u00e9 et de l\u2019int\u00e9gralit\u00e9 des informations propos\u00e9es sur le pr\u00e9sent site. Ceci s\u2019applique \u00e9galement au contenu de tiers qui sont accessibles par ce service. L\u2019utilisation survient exclusivement aux risques de l\u2019utilisateur. La r\u00e9daction d\u00e9cline toute responsabilit\u00e9. Pour autant qu\u2019il y ait une relation juridique entre les utilisateurs de cette offre et la r\u00e9daction, celle-ci est r\u00e9gie par le droit allemand. Les lois f\u00e9d\u00e9rales sont primairement applicables selon le sens formel.<\/p>\n<p><strong>Renvois et liens<\/strong><\/p>\n<p>En cas de renvois directs ou indirects vers des sites Internet externes (hyperliens) se trouvant en dehors du domaine de responsabilit\u00e9 de la r\u00e9daction, une obligation de responsabilit\u00e9 n\u2019intervient que dans le cas o\u00f9 la r\u00e9daction a connaissance des contenus et qu\u2019il lui est techniquement possible et acceptable d\u2019\u00e9viter l\u2019utilisation des contenus ill\u00e9gaux.<\/p>\n<p>La r\u00e9daction d\u00e9clare express\u00e9ment qu\u2019au moment de la mise en place des liens, aucun contenu ill\u00e9gal sur les pages reli\u00e9es n\u2019\u00e9tait \u00e9vident. La r\u00e9daction d\u00e9clare qu\u2019elle n\u2019a aucune influence sur l\u2019organisation actuelle et future, sur les contenus ou les droits d\u2019auteur des pages reli\u00e9es. Elle se distancie express\u00e9ment de toutes les modifications effectu\u00e9es apr\u00e8s l\u2019\u00e9tablissement du lien contenant des contenus ill\u00e9gaux.<\/p>\n<p>Toute personne s\u2019apercevant que des sites internet aux contenus ill\u00e9gaux sont reli\u00e9s au site \u2028www.couven-museum.de est pri\u00e9e de le signaler.<\/p>\n<p>Nous prendrons les mesures de v\u00e9rification n\u00e9cessaires et, en cas de confirmation, nous effacerons imm\u00e9diatement le lien de notre site.<\/p>\n","protected":false},"excerpt":{"rendered":"<p>Ville d\u2019Aix-la-Chapelle La Mairesse Rathaus Markt 52062 Aachen Germany Tel. +49 241 432 7310 Num\u00e9ro d\u2019enregistrement fiscal: DE 121 68 98 15 R\u00e9daction responsable: Fachbereich\u00a0Presse und Marketing Dr. Jutta G\u00f6ricke 52062 Aachen Tel. +49 241 432-1331 Fax +49 241 28121 marketing@mail.aachen.de R\u00e9daction Internet de la ville d\u2019Aix-la-Chapelle: onlineredaktion@mail.aachen.de www.aachen.de Conception &amp; r\u00e9alisation: wesentlich. visuelle kommunikation [&hellip;]<\/p>\n","protected":false},"author":3,"featured_media":0,"parent":0,"menu_order":0,"comment_status":"closed","ping_status":"closed","template":"","meta":{"_acf_changed":false,"_lmt_disableupdate":"","_lmt_disable":"","footnotes":""},"class_list":["post-1078","page","type-page","status-publish","hentry"],"acf":[],"_links":{"self":[{"href":"https:\/\/rathaus-aachen.de\/fr\/wp-json\/wp\/v2\/pages\/1078","targetHints":{"allow":["GET"]}}],"collection":[{"href":"https:\/\/rathaus-aachen.de\/fr\/wp-json\/wp\/v2\/pages"}],"about":[{"href":"https:\/\/rathaus-aachen.de\/fr\/wp-json\/wp\/v2\/types\/page"}],"author":[{"embeddable":true,"href":"https:\/\/rathaus-aachen.de\/fr\/wp-json\/wp\/v2\/users\/3"}],"replies":[{"embeddable":true,"href":"https:\/\/rathaus-aachen.de\/fr\/wp-json\/wp\/v2\/comments?post=1078"}],"version-history":[{"count":4,"href":"https:\/\/rathaus-aachen.de\/fr\/wp-json\/wp\/v2\/pages\/1078\/revisions"}],"predecessor-version":[{"id":1738,"href":"https:\/\/rathaus-aachen.de\/fr\/wp-json\/wp\/v2\/pages\/1078\/revisions\/1738"}],"wp:attachment":[{"href":"https:\/\/rathaus-aachen.de\/fr\/wp-json\/wp\/v2\/media?parent=1078"}],"curies":[{"name":"wp","href":"https:\/\/api.w.org\/{rel}","templated":true}]}}