{"id":1072,"date":"2014-08-22T07:53:59","date_gmt":"2014-08-22T07:53:59","guid":{"rendered":"https:\/\/rathaus-aachen.comlounge.dev\/?page_id=1072"},"modified":"2020-09-14T11:03:10","modified_gmt":"2020-09-14T11:03:10","slug":"se-marier-dans-la-salle-blanche","status":"publish","type":"page","link":"https:\/\/rathaus-aachen.de\/fr\/se-marier-dans-la-salle-blanche\/","title":{"rendered":"Se marier dans la Salle blanche"},"content":{"rendered":"<p><img loading=\"lazy\" decoding=\"async\" class=\"alignnone size-full wp-image-432\" src=\"http:\/\/rathaus-aachen.de\/wp-content\/uploads\/2013\/02\/weisser_saal_foto_peter_hinschlaeger-klein.jpg\" alt=\"weisser_saal_foto_peter_hinschlaeger klein\" width=\"747\" height=\"582\" srcset=\"https:\/\/rathaus-aachen.de\/wp-content\/uploads\/2013\/02\/weisser_saal_foto_peter_hinschlaeger-klein.jpg 747w, https:\/\/rathaus-aachen.de\/wp-content\/uploads\/2013\/02\/weisser_saal_foto_peter_hinschlaeger-klein-300x233.jpg 300w\" sizes=\"auto, (max-width: 747px) 100vw, 747px\" \/><\/p>\n<p>La Salle blanche de l\u2019h\u00f4tel de ville est r\u00e9guli\u00e8rement mise \u00e0 la disposition de ceux et celles qui souhaitent se marier dans un cadre exceptionnel. Le bureau d\u2019\u00e9tat civil propose cette salle magnifique pour les mariages tous les vendredis de 10h \u00e0 15h, ainsi que tous les derniers samedis du mois d\u2019avril \u00e0 d\u00e9cembre entre 9h30 et 12h30.<\/p>\n<p>Jusqu\u2019\u00e0 70 invit\u00e9s peuvent assister \u00e0 la c\u00e9r\u00e9monie d\u2019une dur\u00e9e d\u2019environ 30 minutes. La r\u00e9servation de ce cadre exceptionnel et inoubliable co\u00fbte actuellement 250 euros. Si la c\u00e9r\u00e9monie a lieu un samedi ou un vendredi apr\u00e8s-midi, des frais suppl\u00e9mentaires de 66 euros sont \u00e0 pr\u00e9voir.<\/p>\n<p><strong>Votre interlocuteur \u00e0 l\u2019\u00e9tat civil<\/strong><br \/>\nVous pouvez joindre votre interlocuteur au num\u00e9ro suivant : +49 241 432-3409 (ainsi qu\u2019aux num\u00e9ros de poste -3410, -3411, -3412 et -3413), <a href=\"mailto:standesamt@mail.aachen.de\" target=\"_blank\" rel=\"noopener\">standesamt@mail.aachen.de<\/a>.<\/p>\n<p>&nbsp;<\/p>\n","protected":false},"excerpt":{"rendered":"<p>La Salle blanche de l\u2019h\u00f4tel de ville est r\u00e9guli\u00e8rement mise \u00e0 la disposition de ceux et celles qui souhaitent se marier dans un cadre exceptionnel. Le bureau d\u2019\u00e9tat civil propose cette salle magnifique pour les mariages tous les vendredis de 10h \u00e0 15h, ainsi que tous les derniers samedis du mois d\u2019avril \u00e0 d\u00e9cembre entre [&hellip;]<\/p>\n","protected":false},"author":3,"featured_media":0,"parent":0,"menu_order":0,"comment_status":"closed","ping_status":"closed","template":"","meta":{"_acf_changed":false,"_lmt_disableupdate":"","_lmt_disable":"","footnotes":""},"class_list":["post-1072","page","type-page","status-publish","hentry"],"acf":[],"_links":{"self":[{"href":"https:\/\/rathaus-aachen.de\/fr\/wp-json\/wp\/v2\/pages\/1072","targetHints":{"allow":["GET"]}}],"collection":[{"href":"https:\/\/rathaus-aachen.de\/fr\/wp-json\/wp\/v2\/pages"}],"about":[{"href":"https:\/\/rathaus-aachen.de\/fr\/wp-json\/wp\/v2\/types\/page"}],"author":[{"embeddable":true,"href":"https:\/\/rathaus-aachen.de\/fr\/wp-json\/wp\/v2\/users\/3"}],"replies":[{"embeddable":true,"href":"https:\/\/rathaus-aachen.de\/fr\/wp-json\/wp\/v2\/comments?post=1072"}],"version-history":[{"count":4,"href":"https:\/\/rathaus-aachen.de\/fr\/wp-json\/wp\/v2\/pages\/1072\/revisions"}],"predecessor-version":[{"id":1732,"href":"https:\/\/rathaus-aachen.de\/fr\/wp-json\/wp\/v2\/pages\/1072\/revisions\/1732"}],"wp:attachment":[{"href":"https:\/\/rathaus-aachen.de\/fr\/wp-json\/wp\/v2\/media?parent=1072"}],"curies":[{"name":"wp","href":"https:\/\/api.w.org\/{rel}","templated":true}]}}